{"id":2040,"date":"2014-03-30T20:56:08","date_gmt":"2014-03-30T20:56:08","guid":{"rendered":"http:\/\/themenectar.com\/demo\/salient-frostwave\/?page_id=2040"},"modified":"2014-03-30T20:56:08","modified_gmt":"2014-03-30T20:56:08","slug":"blog-standard","status":"publish","type":"page","link":"https:\/\/www.amgynola.cz\/en\/blog-standard\/","title":{"rendered":"Blog Standard"},"content":{"rendered":"\t\r\n\t<div class=\"row\">\r\n\t\r\n\t <div class=\"post-area col featured_img_left span_9   \" data-ams=\"\" data-remove-post-date=\"\" data-remove-post-author=\"\" data-remove-post-comment-number=\"\" data-remove-post-nectar-love=\"\"> <div class=\"posts-container\" data-load-animation=\"none\">\t\t\t\t\r\n\t\t\t\t\n<article id=\"post-1\" class=\"regular post-1 post type-post status-publish format-standard category-nezarazene\">\n\n\t<div class=\"inner-wrap animated\">\n\n\t\t<div class=\"post-content\">\n\t\t\t\n\t\t\t\t\t\t\t  \n\n\t\t\t\t\t <div class=\"article-content-wrap\">\n\t\t\t\t\t\t\n\t\t\t\t\t\t<div class=\"post-featured-img-wrap\"> \n\t\t\t\t\t\t\t\n\t\t\t\t\t\t\t\t\t\t\t\t\t\t\n\t\t\t\t\t\t<\/div>\n\t\t\t\t\t\t\n\t\t\t\t\t\t<div class=\"post-content-wrap\"> \n\t\t\t\t\t\t\t\n\t\t\t\t\t\t\t<a class=\"entire-meta-link\" href=\"https:\/\/www.amgynola.cz\/en\/2019\/03\/25\/ahoj-vsichni\/\"><\/a>\n\t\t\t\t\t\t\t\n\t\t\t\t\t\t\t<span class=\"meta-category\"><a class=\"nezarazene\" href=\"https:\/\/www.amgynola.cz\/en\/category\/nezarazene\/\">Neza\u0159azen\u00e9<\/a><\/span>\t\t\t\t\t\t\n\t\t\t\t\t\t\t<div class=\"post-header\">\n\n\t\t\t\t\t\t\t\t<h3 class=\"title\">\n\t\t\t\t\t\t\t\t\t \n\t\t\t\t\t\t\t\t\t\t<a href=\"https:\/\/www.amgynola.cz\/en\/2019\/03\/25\/ahoj-vsichni\/\">\t\t\t\t\t\t\t\t\t\t\tAhoj v\u0161ichni!\t\t\t\t\t\t\t\t\t\t  \t\t\t\t\t\t\t\t<\/a> \n\t\t\t\t\t\t\t\t\t\t\t\t\t\t\t\t\t<\/h3>\n\n\t\t\t\t\t\t\t\t\n\t\t\t\t\t\t\t<\/div><!--\/post-header-->\n\t\t\t\t\t\t\t\n\t\t\t\t\t\t\t<div class=\"excerpt\">V\u00edtejte ve WordPressu. Toto je v\u00e1\u0161 prvn\u00ed p\u0159\u00edsp\u011bvek. M\u016f\u017eete ho upravit, nebo smazat a postupn\u011b&hellip;<\/div><div class=\"grav-wrap\"><a href=\"https:\/\/www.amgynola.cz\/en\/author\/vasek\/\"><img alt='vasek' src='https:\/\/secure.gravatar.com\/avatar\/8a048ccb2604cde63c912b61bd84b924?s=70&#038;d=mm&#038;r=g' srcset='https:\/\/secure.gravatar.com\/avatar\/8a048ccb2604cde63c912b61bd84b924?s=140&#038;d=mm&#038;r=g 2x' class='avatar avatar-70 photo' height='70' width='70' loading='lazy'\/><\/a><div class=\"text\"><a href=\"https:\/\/www.amgynola.cz\/en\/author\/vasek\/\" rel=\"author\">vasek<\/a><span>25. 3. 2019<\/span><\/div><\/div>\n\t\t\t\t\t<\/div><!--post-content-wrap-->\n\n\t\t\t\t\t<\/div><!--article-content-wrap-->\n\n\t\t\t\t\t\t\t\t\n\t\t<\/div><!--\/post-content-->\n\n\t<\/div><!--\/inner-wrap-->\n\t\t\n<\/article><!--\/article-->\n\t\t\t\t\r\n\t\t\t\t\n<article id=\"post-2677\" class=\"regular post-2677 post type-post status-publish format-standard category-fashion\">\n\n\t<div class=\"inner-wrap animated\">\n\n\t\t<div class=\"post-content\">\n\t\t\t\n\t\t\t\t\t\t\t  \n\n\t\t\t\t\t <div class=\"article-content-wrap\">\n\t\t\t\t\t\t\n\t\t\t\t\t\t<div class=\"post-featured-img-wrap\"> \n\t\t\t\t\t\t\t\n\t\t\t\t\t\t\t\t\t\t\t\t\t\t\n\t\t\t\t\t\t<\/div>\n\t\t\t\t\t\t\n\t\t\t\t\t\t<div class=\"post-content-wrap\"> \n\t\t\t\t\t\t\t\n\t\t\t\t\t\t\t<a class=\"entire-meta-link\" href=\"https:\/\/www.amgynola.cz\/en\/2014\/07\/14\/be-my-guest\/\"><\/a>\n\t\t\t\t\t\t\t\n\t\t\t\t\t\t\t<span class=\"meta-category\"><a class=\"fashion\" href=\"https:\/\/www.amgynola.cz\/en\/category\/fashion\/\">Fashion<\/a><\/span>\t\t\t\t\t\t\n\t\t\t\t\t\t\t<div class=\"post-header\">\n\n\t\t\t\t\t\t\t\t<h3 class=\"title\">\n\t\t\t\t\t\t\t\t\t \n\t\t\t\t\t\t\t\t\t\t<a href=\"https:\/\/www.amgynola.cz\/en\/2014\/07\/14\/be-my-guest\/\">\t\t\t\t\t\t\t\t\t\t\tBe My Guest\t\t\t\t\t\t\t\t\t\t  \t\t\t\t\t\t\t\t<\/a> \n\t\t\t\t\t\t\t\t\t\t\t\t\t\t\t\t\t<\/h3>\n\n\t\t\t\t\t\t\t\t\n\t\t\t\t\t\t\t<\/div><!--\/post-header-->\n\t\t\t\t\t\t\t\n\t\t\t\t\t\t\t<div class=\"excerpt\">Lorem ipsum dolor sit amet, consectetur adipiscing elit. Praesent ullamcorper suscipit mi, id convallis risus&hellip;<\/div><div class=\"grav-wrap\"><a href=\"https:\/\/www.amgynola.cz\/en\/author\/vasek\/\"><img alt='vasek' src='https:\/\/secure.gravatar.com\/avatar\/8a048ccb2604cde63c912b61bd84b924?s=70&#038;d=mm&#038;r=g' srcset='https:\/\/secure.gravatar.com\/avatar\/8a048ccb2604cde63c912b61bd84b924?s=140&#038;d=mm&#038;r=g 2x' class='avatar avatar-70 photo' height='70' width='70' loading='lazy'\/><\/a><div class=\"text\"><a href=\"https:\/\/www.amgynola.cz\/en\/author\/vasek\/\" rel=\"author\">vasek<\/a><span>14. 7. 2014<\/span><\/div><\/div>\n\t\t\t\t\t<\/div><!--post-content-wrap-->\n\n\t\t\t\t\t<\/div><!--article-content-wrap-->\n\n\t\t\t\t\t\t\t\t\n\t\t<\/div><!--\/post-content-->\n\n\t<\/div><!--\/inner-wrap-->\n\t\t\n<\/article><!--\/article-->\n\t\t\t\t\r\n\t\t\t\t\n<article id=\"post-2671\" class=\"regular post-2671 post type-post status-publish format-standard category-uncategorized\">\n\n\t<div class=\"inner-wrap animated\">\n\n\t\t<div class=\"post-content\">\n\t\t\t\n\t\t\t\t\t\t\t  \n\n\t\t\t\t\t <div class=\"article-content-wrap\">\n\t\t\t\t\t\t\n\t\t\t\t\t\t<div class=\"post-featured-img-wrap\"> \n\t\t\t\t\t\t\t\n\t\t\t\t\t\t\t\t\t\t\t\t\t\t\n\t\t\t\t\t\t<\/div>\n\t\t\t\t\t\t\n\t\t\t\t\t\t<div class=\"post-content-wrap\"> \n\t\t\t\t\t\t\t\n\t\t\t\t\t\t\t<a class=\"entire-meta-link\" href=\"https:\/\/www.amgynola.cz\/en\/2013\/02\/14\/ownage-in-the-mountains\/\"><\/a>\n\t\t\t\t\t\t\t\n\t\t\t\t\t\t\t<span class=\"meta-category\"><a class=\"uncategorized\" href=\"https:\/\/www.amgynola.cz\/en\/category\/uncategorized\/\">Uncategorized<\/a><\/span>\t\t\t\t\t\t\n\t\t\t\t\t\t\t<div class=\"post-header\">\n\n\t\t\t\t\t\t\t\t<h3 class=\"title\">\n\t\t\t\t\t\t\t\t\t \n\t\t\t\t\t\t\t\t\t\t<a href=\"https:\/\/www.amgynola.cz\/en\/2013\/02\/14\/ownage-in-the-mountains\/\">\t\t\t\t\t\t\t\t\t\t\tOwnage In The Mountains\t\t\t\t\t\t\t\t\t\t  \t\t\t\t\t\t\t\t<\/a> \n\t\t\t\t\t\t\t\t\t\t\t\t\t\t\t\t\t<\/h3>\n\n\t\t\t\t\t\t\t\t\n\t\t\t\t\t\t\t<\/div><!--\/post-header-->\n\t\t\t\t\t\t\t\n\t\t\t\t\t\t\t<div class=\"excerpt\">Sed condimentum massa in enim cursus, sed mattis elit malesuada. Lorem sapien acveh icula vestibulum,&hellip;<\/div><div class=\"grav-wrap\"><a href=\"https:\/\/www.amgynola.cz\/en\/author\/vasek\/\"><img alt='vasek' src='https:\/\/secure.gravatar.com\/avatar\/8a048ccb2604cde63c912b61bd84b924?s=70&#038;d=mm&#038;r=g' srcset='https:\/\/secure.gravatar.com\/avatar\/8a048ccb2604cde63c912b61bd84b924?s=140&#038;d=mm&#038;r=g 2x' class='avatar avatar-70 photo' height='70' width='70' loading='lazy'\/><\/a><div class=\"text\"><a href=\"https:\/\/www.amgynola.cz\/en\/author\/vasek\/\" rel=\"author\">vasek<\/a><span>14. 2. 2013<\/span><\/div><\/div>\n\t\t\t\t\t<\/div><!--post-content-wrap-->\n\n\t\t\t\t\t<\/div><!--article-content-wrap-->\n\n\t\t\t\t\t\t\t\t\n\t\t<\/div><!--\/post-content-->\n\n\t<\/div><!--\/inner-wrap-->\n\t\t\n<\/article><!--\/article-->\n\t\t\t\t\r\n\t\t\t\t\n<article id=\"post-110\" class=\"regular post-110 post type-post status-publish format-standard category-food-for-thought tag-art tag-awesome tag-cars tag-classic tag-custom tag-data tag-epic tag-funny tag-gaming-tips tag-music tag-photography tag-standard tag-themenectar tag-videos tag-wordpress\">\n\n\t<div class=\"inner-wrap animated\">\n\n\t\t<div class=\"post-content\">\n\t\t\t\n\t\t\t\t\t\t\t  \n\n\t\t\t\t\t <div class=\"article-content-wrap\">\n\t\t\t\t\t\t\n\t\t\t\t\t\t<div class=\"post-featured-img-wrap\"> \n\t\t\t\t\t\t\t\n\t\t\t\t\t\t\t\t\t\t\t\t\t\t\n\t\t\t\t\t\t<\/div>\n\t\t\t\t\t\t\n\t\t\t\t\t\t<div class=\"post-content-wrap\"> \n\t\t\t\t\t\t\t\n\t\t\t\t\t\t\t<a class=\"entire-meta-link\" href=\"https:\/\/www.amgynola.cz\/en\/2013\/03\/23\/the-field\/\"><\/a>\n\t\t\t\t\t\t\t\n\t\t\t\t\t\t\t<span class=\"meta-category\"><a class=\"food-for-thought\" href=\"https:\/\/www.amgynola.cz\/en\/category\/food-for-thought\/\">Food for thought<\/a><\/span>\t\t\t\t\t\t\n\t\t\t\t\t\t\t<div class=\"post-header\">\n\n\t\t\t\t\t\t\t\t<h3 class=\"title\">\n\t\t\t\t\t\t\t\t\t \n\t\t\t\t\t\t\t\t\t\t<a href=\"https:\/\/www.amgynola.cz\/en\/2013\/03\/23\/the-field\/\">\t\t\t\t\t\t\t\t\t\t\tThe Field\t\t\t\t\t\t\t\t\t\t  \t\t\t\t\t\t\t\t<\/a> \n\t\t\t\t\t\t\t\t\t\t\t\t\t\t\t\t\t<\/h3>\n\n\t\t\t\t\t\t\t\t\n\t\t\t\t\t\t\t<\/div><!--\/post-header-->\n\t\t\t\t\t\t\t\n\t\t\t\t\t\t\t<div class=\"excerpt\">In varius varius justo, eget ultrices mauris rhoncus non. Morbi tristique, mauris eu imperdiet bibendum,&hellip;<\/div><div class=\"grav-wrap\"><a href=\"https:\/\/www.amgynola.cz\/en\/author\/vasek\/\"><img alt='vasek' src='https:\/\/secure.gravatar.com\/avatar\/8a048ccb2604cde63c912b61bd84b924?s=70&#038;d=mm&#038;r=g' srcset='https:\/\/secure.gravatar.com\/avatar\/8a048ccb2604cde63c912b61bd84b924?s=140&#038;d=mm&#038;r=g 2x' class='avatar avatar-70 photo' height='70' width='70' loading='lazy'\/><\/a><div class=\"text\"><a href=\"https:\/\/www.amgynola.cz\/en\/author\/vasek\/\" rel=\"author\">vasek<\/a><span>23. 3. 2013<\/span><\/div><\/div>\n\t\t\t\t\t<\/div><!--post-content-wrap-->\n\n\t\t\t\t\t<\/div><!--article-content-wrap-->\n\n\t\t\t\t\t\t\t\t\n\t\t<\/div><!--\/post-content-->\n\n\t<\/div><!--\/inner-wrap-->\n\t\t\n<\/article><!--\/article-->\n\t\t\t\r\n\t\t\t<\/div><!--\/posts container-->\r\n\t\t\t\r\n\t\t\t<div id=\"pagination\" data-is-text=\"All items loaded\">\r\n\t\t\t\t\t      <div class=\"prev\"><\/div>\r\n\t\t\t\t\t      <div class=\"next\"><a href=\"https:\/\/www.amgynola.cz\/en\/wp-json\/wp\/v2\/pages\/2040\/page\/2\/\" >Next Entries &raquo;<\/a><\/div>\r\n\t\t\t\t          <\/div>\t\t\r\n  <\/div><!--\/post area-->\r\n  \r\n  \t\t\r\n\t\t\t<div id=\"sidebar\" data-nectar-ss=\"\" class=\"col span_3 col_last\">\r\n\t\t\t<div id=\"search-2\" class=\"widget widget_search\"><form role=\"search\" method=\"get\" class=\"search-form\" action=\"https:\/\/www.amgynola.cz\/en\/\">\r\n\t<input type=\"text\" class=\"search-field\" placeholder=\"Search...\" value=\"\" name=\"s\" title=\"Search for:\" \/>\r\n\t<button type=\"submit\" class=\"search-widget-btn\"><span class=\"normal icon-salient-search\" aria-hidden=\"true\"><\/span><span class=\"text\">Search<\/span><\/button>\r\n<\/form><\/div>\n\t\t<div id=\"recent-posts-2\" class=\"widget widget_recent_entries\">\n\t\t<h4>Recent Posts<\/h4>\n\t\t<ul>\n\t\t\t\t\t\t\t\t\t\t\t<li>\n\t\t\t\t\t<a href=\"https:\/\/www.amgynola.cz\/en\/2019\/03\/25\/ahoj-vsichni\/\">Ahoj v\u0161ichni!<\/a>\n\t\t\t\t\t\t\t\t\t<\/li>\n\t\t\t\t\t\t\t\t\t\t\t<li>\n\t\t\t\t\t<a href=\"https:\/\/www.amgynola.cz\/en\/2014\/07\/14\/be-my-guest\/\">Be My Guest<\/a>\n\t\t\t\t\t\t\t\t\t<\/li>\n\t\t\t\t\t\t\t\t\t\t\t<li>\n\t\t\t\t\t<a href=\"https:\/\/www.amgynola.cz\/en\/2013\/02\/14\/ownage-in-the-mountains\/\">Ownage In The Mountains<\/a>\n\t\t\t\t\t\t\t\t\t<\/li>\n\t\t\t\t\t\t\t\t\t\t\t<li>\n\t\t\t\t\t<a href=\"https:\/\/www.amgynola.cz\/en\/2013\/03\/23\/the-field\/\">The Field<\/a>\n\t\t\t\t\t\t\t\t\t<\/li>\n\t\t\t\t\t\t\t\t\t\t\t<li>\n\t\t\t\t\t<a href=\"https:\/\/www.amgynola.cz\/en\/2013\/03\/28\/ambrose-redmoon\/\">Ambrose Redmoon<\/a>\n\t\t\t\t\t\t\t\t\t<\/li>\n\t\t\t\t\t<\/ul>\n\n\t\t<\/div><div id=\"archives-2\" class=\"widget widget_archive\"><h4>Archives<\/h4>\n\t\t\t<ul>\n\t\t\t\t\t<li><a href='https:\/\/www.amgynola.cz\/en\/2019\/03\/'>March 2019<\/a><\/li>\n\t<li><a href='https:\/\/www.amgynola.cz\/en\/2014\/07\/'>July 2014<\/a><\/li>\n\t<li><a href='https:\/\/www.amgynola.cz\/en\/2014\/03\/'>March 2014<\/a><\/li>\n\t<li><a href='https:\/\/www.amgynola.cz\/en\/2013\/03\/'>March 2013<\/a><\/li>\n\t<li><a href='https:\/\/www.amgynola.cz\/en\/2013\/02\/'>February 2013<\/a><\/li>\n\t<li><a href='https:\/\/www.amgynola.cz\/en\/2013\/01\/'>January 2013<\/a><\/li>\n\t\t\t<\/ul>\n\n\t\t\t<\/div><div id=\"categories-2\" class=\"widget widget_categories\"><h4>Categories<\/h4>\n\t\t\t<ul>\n\t\t\t\t\t<li class=\"cat-item cat-item-2\"><a href=\"https:\/\/www.amgynola.cz\/en\/category\/fashion\/\">Fashion<\/a>\n<\/li>\n\t<li class=\"cat-item cat-item-3\"><a href=\"https:\/\/www.amgynola.cz\/en\/category\/food-for-thought\/\">Food for thought<\/a>\n<\/li>\n\t<li class=\"cat-item cat-item-4\"><a href=\"https:\/\/www.amgynola.cz\/en\/category\/gaming\/\">Gaming<\/a>\n<\/li>\n\t<li class=\"cat-item cat-item-5\"><a href=\"https:\/\/www.amgynola.cz\/en\/category\/music\/\">Music<\/a>\n<\/li>\n\t<li class=\"cat-item cat-item-1\"><a href=\"https:\/\/www.amgynola.cz\/en\/category\/nezarazene\/\">Neza\u0159azen\u00e9<\/a>\n<\/li>\n\t<li class=\"cat-item cat-item-6\"><a href=\"https:\/\/www.amgynola.cz\/en\/category\/uncategorized\/\">Uncategorized<\/a>\n<\/li>\n\t\t\t<\/ul>\n\n\t\t\t<\/div><div id=\"meta-2\" class=\"widget widget_meta\"><h4>Meta<\/h4>\n\t\t<ul>\n\t\t\t\t\t\t<li><a href=\"https:\/\/www.amgynola.cz\/wp-login.php\">Log in<\/a><\/li>\n\t\t\t<li><a href=\"https:\/\/www.amgynola.cz\/en\/feed\/\">Entries feed<\/a><\/li>\n\t\t\t<li><a href=\"https:\/\/www.amgynola.cz\/en\/comments\/feed\/\">Comments feed<\/a><\/li>\n\n\t\t\t<li><a href=\"https:\/\/wordpress.org\/\">WordPress.org<\/a><\/li>\n\t\t<\/ul>\n\n\t\t<\/div><div id=\"text-1\" class=\"widget widget_text\"><h4>About Salient<\/h4>\t\t\t<div class=\"textwidget\">Lorem ipsum dolor sit amet, consectetur elit porta. Vestibulum ante justo, volutpat quis porta non, vulputate id diam. Lorem et ipsum dolor sit amet, consectetur adipiscing elit. Morbi vitae sem in massa sagittis.<\/div>\n\t\t<\/div>\n\t\t<div id=\"recent-posts-3\" class=\"widget widget_recent_entries\">\n\t\t<h4>Recent Posts<\/h4>\n\t\t<ul>\n\t\t\t\t\t\t\t\t\t\t\t<li>\n\t\t\t\t\t<a href=\"https:\/\/www.amgynola.cz\/en\/2019\/03\/25\/ahoj-vsichni\/\">Ahoj v\u0161ichni!<\/a>\n\t\t\t\t\t\t\t\t\t\t\t<span class=\"post-date\">25. 3. 2019<\/span>\n\t\t\t\t\t\t\t\t\t<\/li>\n\t\t\t\t\t\t\t\t\t\t\t<li>\n\t\t\t\t\t<a href=\"https:\/\/www.amgynola.cz\/en\/2014\/07\/14\/be-my-guest\/\">Be My Guest<\/a>\n\t\t\t\t\t\t\t\t\t\t\t<span class=\"post-date\">14. 7. 2014<\/span>\n\t\t\t\t\t\t\t\t\t<\/li>\n\t\t\t\t\t\t\t\t\t\t\t<li>\n\t\t\t\t\t<a href=\"https:\/\/www.amgynola.cz\/en\/2013\/02\/14\/ownage-in-the-mountains\/\">Ownage In The Mountains<\/a>\n\t\t\t\t\t\t\t\t\t\t\t<span class=\"post-date\">14. 2. 2013<\/span>\n\t\t\t\t\t\t\t\t\t<\/li>\n\t\t\t\t\t\t\t\t\t\t\t<li>\n\t\t\t\t\t<a href=\"https:\/\/www.amgynola.cz\/en\/2013\/03\/23\/the-field\/\">The Field<\/a>\n\t\t\t\t\t\t\t\t\t\t\t<span class=\"post-date\">23. 3. 2013<\/span>\n\t\t\t\t\t\t\t\t\t<\/li>\n\t\t\t\t\t\t\t\t\t\t\t<li>\n\t\t\t\t\t<a href=\"https:\/\/www.amgynola.cz\/en\/2013\/03\/28\/ambrose-redmoon\/\">Ambrose Redmoon<\/a>\n\t\t\t\t\t\t\t\t\t\t\t<span class=\"post-date\">28. 3. 2013<\/span>\n\t\t\t\t\t\t\t\t\t<\/li>\n\t\t\t\t\t<\/ul>\n\n\t\t<\/div><div id=\"categories-3\" class=\"widget widget_categories\"><h4>Categories<\/h4>\n\t\t\t<ul>\n\t\t\t\t\t<li class=\"cat-item cat-item-2\"><a href=\"https:\/\/www.amgynola.cz\/en\/category\/fashion\/\">Fashion<\/a>\n<\/li>\n\t<li class=\"cat-item cat-item-3\"><a href=\"https:\/\/www.amgynola.cz\/en\/category\/food-for-thought\/\">Food for thought<\/a>\n<\/li>\n\t<li class=\"cat-item cat-item-4\"><a href=\"https:\/\/www.amgynola.cz\/en\/category\/gaming\/\">Gaming<\/a>\n<\/li>\n\t<li class=\"cat-item cat-item-5\"><a href=\"https:\/\/www.amgynola.cz\/en\/category\/music\/\">Music<\/a>\n<\/li>\n\t<li class=\"cat-item cat-item-1\"><a href=\"https:\/\/www.amgynola.cz\/en\/category\/nezarazene\/\">Neza\u0159azen\u00e9<\/a>\n<\/li>\n\t<li class=\"cat-item cat-item-6\"><a href=\"https:\/\/www.amgynola.cz\/en\/category\/uncategorized\/\">Uncategorized<\/a>\n<\/li>\n\t\t\t<\/ul>\n\n\t\t\t<\/div>\t\t<\/div><!--\/span_3-->\r\n   \r\n\t<\/div>\r\n\t\r\n\t\n","protected":false},"excerpt":{"rendered":"In varius varius justo, eget ultrices mauris rhoncus non. Morbi tristique, mauris eu imperdiet bibendum, velit diam iaculis velit, in ornare massa enim at lorem. Etiam risus diam, porttitor vitae...","protected":false},"author":1,"featured_media":0,"parent":0,"menu_order":13,"comment_status":"open","ping_status":"open","template":"","meta":[],"_links":{"self":[{"href":"https:\/\/www.amgynola.cz\/en\/wp-json\/wp\/v2\/pages\/2040"}],"collection":[{"href":"https:\/\/www.amgynola.cz\/en\/wp-json\/wp\/v2\/pages"}],"about":[{"href":"https:\/\/www.amgynola.cz\/en\/wp-json\/wp\/v2\/types\/page"}],"author":[{"embeddable":true,"href":"https:\/\/www.amgynola.cz\/en\/wp-json\/wp\/v2\/users\/1"}],"replies":[{"embeddable":true,"href":"https:\/\/www.amgynola.cz\/en\/wp-json\/wp\/v2\/comments?post=2040"}],"version-history":[{"count":0,"href":"https:\/\/www.amgynola.cz\/en\/wp-json\/wp\/v2\/pages\/2040\/revisions"}],"wp:attachment":[{"href":"https:\/\/www.amgynola.cz\/en\/wp-json\/wp\/v2\/media?parent=2040"}],"curies":[{"name":"wp","href":"https:\/\/api.w.org\/{rel}","templated":true}]}}